{"id":15,"date":"2016-11-24T15:09:17","date_gmt":"2016-11-24T14:09:17","guid":{"rendered":"http:\/\/womaragroserwis.pl\/?page_id=15"},"modified":"2021-12-02T12:48:43","modified_gmt":"2021-12-02T11:48:43","slug":"plody-rolne","status":"publish","type":"page","link":"https:\/\/womaragroserwis.pl\/de\/plody-rolne\/","title":{"rendered":"Landwirtschaftliche Produkte"},"content":{"rendered":"<p>Das Unternehmen verkauft hochproteinhaltige Silage auf Basis von Luzerne und Rotklee.<\/p>\n<div id='gallery-6' class='gallery galleryid-15 gallery-columns-4 gallery-size-medium'><figure class='gallery-item'>\n\t\t\t<div class='gallery-icon landscape'>\n\t\t\t\t<a href='https:\/\/womaragroserwis.pl\/wp-content\/uploads\/2017\/02\/IMG_0009.jpg'><img width=\"300\" height=\"200\" src=\"https:\/\/womaragroserwis.pl\/wp-content\/uploads\/2017\/02\/IMG_0009-300x200.jpg\" class=\"attachment-medium size-medium\" alt=\"\" loading=\"lazy\" srcset=\"https:\/\/womaragroserwis.pl\/wp-content\/uploads\/2017\/02\/IMG_0009-300x200.jpg 300w, https:\/\/womaragroserwis.pl\/wp-content\/uploads\/2017\/02\/IMG_0009-768x512.jpg 768w, https:\/\/womaragroserwis.pl\/wp-content\/uploads\/2017\/02\/IMG_0009-1024x683.jpg 1024w, https:\/\/womaragroserwis.pl\/wp-content\/uploads\/2017\/02\/IMG_0009-1920x1280.jpg 1920w, https:\/\/womaragroserwis.pl\/wp-content\/uploads\/2017\/02\/IMG_0009-1050x700.jpg 1050w\" sizes=\"(max-width: 300px) 100vw, 300px\" \/><\/a>\n\t\t\t<\/div><\/figure>\n\t\t<\/div>\n\n<p>Hochwertiges Saatgut (Saat Fr\u00fchling 2016).<br \/>\nLuzerne- amerikanische Kultursorte PERFECTA (czyst.99,9% , kie\u0142k. 83 %, \u015bw. 10187227 von 18.01.2016)<br \/>\nRotklee, Wiesenklee LUCRUM C\/1 (\u015bw. Wlon0966\/2015)<\/p>\n<div id='gallery-7' class='gallery galleryid-15 gallery-columns-4 gallery-size-medium'><figure class='gallery-item'>\n\t\t\t<div class='gallery-icon landscape'>\n\t\t\t\t<a href='https:\/\/womaragroserwis.pl\/wp-content\/uploads\/2017\/02\/IMG_1139-2.jpg'><img width=\"300\" height=\"225\" src=\"https:\/\/womaragroserwis.pl\/wp-content\/uploads\/2017\/02\/IMG_1139-2-300x225.jpg\" class=\"attachment-medium size-medium\" alt=\"\" loading=\"lazy\" srcset=\"https:\/\/womaragroserwis.pl\/wp-content\/uploads\/2017\/02\/IMG_1139-2-300x225.jpg 300w, https:\/\/womaragroserwis.pl\/wp-content\/uploads\/2017\/02\/IMG_1139-2.jpg 640w\" sizes=\"(max-width: 300px) 100vw, 300px\" \/><\/a>\n\t\t\t<\/div><\/figure><figure class='gallery-item'>\n\t\t\t<div class='gallery-icon landscape'>\n\t\t\t\t<a href='https:\/\/womaragroserwis.pl\/wp-content\/uploads\/2017\/02\/IMG_0327-2.jpg'><img width=\"300\" height=\"225\" src=\"https:\/\/womaragroserwis.pl\/wp-content\/uploads\/2017\/02\/IMG_0327-2-300x225.jpg\" class=\"attachment-medium size-medium\" alt=\"\" loading=\"lazy\" srcset=\"https:\/\/womaragroserwis.pl\/wp-content\/uploads\/2017\/02\/IMG_0327-2-300x225.jpg 300w, https:\/\/womaragroserwis.pl\/wp-content\/uploads\/2017\/02\/IMG_0327-2-768x576.jpg 768w, https:\/\/womaragroserwis.pl\/wp-content\/uploads\/2017\/02\/IMG_0327-2-1024x768.jpg 1024w, https:\/\/womaragroserwis.pl\/wp-content\/uploads\/2017\/02\/IMG_0327-2-1200x900.jpg 1200w, https:\/\/womaragroserwis.pl\/wp-content\/uploads\/2017\/02\/IMG_0327-2-1920x1440.jpg 1920w, https:\/\/womaragroserwis.pl\/wp-content\/uploads\/2017\/02\/IMG_0327-2-933x700.jpg 933w\" sizes=\"(max-width: 300px) 100vw, 300px\" \/><\/a>\n\t\t\t<\/div><\/figure>\n\t\t<\/div>\n\n<p>Material aus zwei Bauernh\u00f6fen ca. 100 ha, \u00f6kologisch, in Transitionsperiode.<br \/>\nMaterial aus dem dritten Bauernhof ca. 40 ha konventional.<\/p>\n<div id='gallery-8' class='gallery galleryid-15 gallery-columns-4 gallery-size-medium'><figure class='gallery-item'>\n\t\t\t<div class='gallery-icon portrait'>\n\t\t\t\t<a href='https:\/\/womaragroserwis.pl\/wp-content\/uploads\/2018\/03\/001.jpg'><img width=\"218\" height=\"300\" src=\"https:\/\/womaragroserwis.pl\/wp-content\/uploads\/2018\/03\/001-218x300.jpg\" class=\"attachment-medium size-medium\" alt=\"\" loading=\"lazy\" srcset=\"https:\/\/womaragroserwis.pl\/wp-content\/uploads\/2018\/03\/001-218x300.jpg 218w, https:\/\/womaragroserwis.pl\/wp-content\/uploads\/2018\/03\/001-768x1056.jpg 768w, https:\/\/womaragroserwis.pl\/wp-content\/uploads\/2018\/03\/001-745x1024.jpg 745w, https:\/\/womaragroserwis.pl\/wp-content\/uploads\/2018\/03\/001-1047x1440.jpg 1047w, https:\/\/womaragroserwis.pl\/wp-content\/uploads\/2018\/03\/001-509x700.jpg 509w, https:\/\/womaragroserwis.pl\/wp-content\/uploads\/2018\/03\/001.jpg 1700w\" sizes=\"(max-width: 218px) 100vw, 218px\" \/><\/a>\n\t\t\t<\/div><\/figure>\n\t\t<\/div>\n\n<p>Pr\u00fcfungen ausgef\u00fchrt in PFHBiPM<\/p>\n<div id='gallery-9' class='gallery galleryid-15 gallery-columns-4 gallery-size-medium'><figure class='gallery-item'>\n\t\t\t<div class='gallery-icon portrait'>\n\t\t\t\t<a href='https:\/\/womaragroserwis.pl\/wp-content\/uploads\/2016\/11\/Bez-tytu\u0142u.png'><img width=\"212\" height=\"300\" src=\"https:\/\/womaragroserwis.pl\/wp-content\/uploads\/2016\/11\/Bez-tytu\u0142u-212x300.png\" class=\"attachment-medium size-medium\" alt=\"\" loading=\"lazy\" srcset=\"https:\/\/womaragroserwis.pl\/wp-content\/uploads\/2016\/11\/Bez-tytu\u0142u-212x300.png 212w, https:\/\/womaragroserwis.pl\/wp-content\/uploads\/2016\/11\/Bez-tytu\u0142u-768x1086.png 768w, https:\/\/womaragroserwis.pl\/wp-content\/uploads\/2016\/11\/Bez-tytu\u0142u-724x1024.png 724w, https:\/\/womaragroserwis.pl\/wp-content\/uploads\/2016\/11\/Bez-tytu\u0142u-1018x1440.png 1018w, https:\/\/womaragroserwis.pl\/wp-content\/uploads\/2016\/11\/Bez-tytu\u0142u-495x700.png 495w\" sizes=\"(max-width: 212px) 100vw, 212px\" \/><\/a>\n\t\t\t<\/div><\/figure>\n\t\t<\/div>\n\n<p>Silage wird in Ballotten 125\u00d7125 produziert (Ballotten-Wickelger\u00e4t McHale , starke Presskraft ok.200 bar) Gewicht 600-700 kg\/ St. Preis loco Lieferant (wir sichern Verladungsleistungen zu) Wir stellen Mehrwertsteuerrechnungen oder Steuerquittung aus.<\/p>\n<div id='gallery-10' class='gallery galleryid-15 gallery-columns-4 gallery-size-medium'><figure class='gallery-item'>\n\t\t\t<div class='gallery-icon landscape'>\n\t\t\t\t<a href='https:\/\/womaragroserwis.pl\/wp-content\/uploads\/2017\/07\/IMG_3268.jpg'><img width=\"300\" height=\"200\" src=\"https:\/\/womaragroserwis.pl\/wp-content\/uploads\/2017\/07\/IMG_3268-300x200.jpg\" class=\"attachment-medium size-medium\" alt=\"\" loading=\"lazy\" srcset=\"https:\/\/womaragroserwis.pl\/wp-content\/uploads\/2017\/07\/IMG_3268-300x200.jpg 300w, https:\/\/womaragroserwis.pl\/wp-content\/uploads\/2017\/07\/IMG_3268-768x512.jpg 768w, https:\/\/womaragroserwis.pl\/wp-content\/uploads\/2017\/07\/IMG_3268-1024x683.jpg 1024w, https:\/\/womaragroserwis.pl\/wp-content\/uploads\/2017\/07\/IMG_3268-1920x1280.jpg 1920w, https:\/\/womaragroserwis.pl\/wp-content\/uploads\/2017\/07\/IMG_3268-1050x700.jpg 1050w\" sizes=\"(max-width: 300px) 100vw, 300px\" \/><\/a>\n\t\t\t<\/div><\/figure><figure class='gallery-item'>\n\t\t\t<div class='gallery-icon landscape'>\n\t\t\t\t<a href='https:\/\/womaragroserwis.pl\/wp-content\/uploads\/2016\/12\/IMG_0280.jpg'><img width=\"300\" height=\"225\" src=\"https:\/\/womaragroserwis.pl\/wp-content\/uploads\/2016\/12\/IMG_0280-300x225.jpg\" class=\"attachment-medium size-medium\" alt=\"\" loading=\"lazy\" srcset=\"https:\/\/womaragroserwis.pl\/wp-content\/uploads\/2016\/12\/IMG_0280-300x225.jpg 300w, https:\/\/womaragroserwis.pl\/wp-content\/uploads\/2016\/12\/IMG_0280-768x576.jpg 768w, https:\/\/womaragroserwis.pl\/wp-content\/uploads\/2016\/12\/IMG_0280-1024x768.jpg 1024w, https:\/\/womaragroserwis.pl\/wp-content\/uploads\/2016\/12\/IMG_0280-1200x900.jpg 1200w, https:\/\/womaragroserwis.pl\/wp-content\/uploads\/2016\/12\/IMG_0280-1920x1440.jpg 1920w, https:\/\/womaragroserwis.pl\/wp-content\/uploads\/2016\/12\/IMG_0280-933x700.jpg 933w\" sizes=\"(max-width: 300px) 100vw, 300px\" \/><\/a>\n\t\t\t<\/div><\/figure><figure class='gallery-item'>\n\t\t\t<div class='gallery-icon landscape'>\n\t\t\t\t<a href='https:\/\/womaragroserwis.pl\/wp-content\/uploads\/2017\/02\/IMG_0382.jpg'><img width=\"300\" height=\"225\" src=\"https:\/\/womaragroserwis.pl\/wp-content\/uploads\/2017\/02\/IMG_0382-300x225.jpg\" class=\"attachment-medium size-medium\" alt=\"\" loading=\"lazy\" srcset=\"https:\/\/womaragroserwis.pl\/wp-content\/uploads\/2017\/02\/IMG_0382-300x225.jpg 300w, https:\/\/womaragroserwis.pl\/wp-content\/uploads\/2017\/02\/IMG_0382-768x576.jpg 768w, https:\/\/womaragroserwis.pl\/wp-content\/uploads\/2017\/02\/IMG_0382-1024x768.jpg 1024w, https:\/\/womaragroserwis.pl\/wp-content\/uploads\/2017\/02\/IMG_0382-1200x900.jpg 1200w, https:\/\/womaragroserwis.pl\/wp-content\/uploads\/2017\/02\/IMG_0382-1920x1440.jpg 1920w, https:\/\/womaragroserwis.pl\/wp-content\/uploads\/2017\/02\/IMG_0382-933x700.jpg 933w\" sizes=\"(max-width: 300px) 100vw, 300px\" \/><\/a>\n\t\t\t<\/div><\/figure>\n\t\t<\/div>\n\n<h3><strong>Preis netto 60 PLN\/St. Material \u00a02016<\/strong><br \/>\n<strong>Preis netto 95 PLN\/St. Material \u00a02017<\/strong><br \/>\n<strong>Bei gr\u00f6\u00dferen Bestellungen, sind beide Preise verhandelbar.<br \/>\n<\/strong><\/h3>\n<p>Wir organisieren auch Lkw-Transporte in Kooperation mit Bef\u00f6rderern (Ausnutzung von sogenannten Leerfahrten). Preis ist verhandelbar, nach Einreichung der Bestellung.<\/p>\n<h3><strong>\u00a0<\/strong><\/h3>\n<p><\/p>","protected":false},"excerpt":{"rendered":"<p>Das Unternehmen verkauft hochproteinhaltige Silage auf Basis von Luzerne und Rotklee. Hochwertiges Saatgut (Saat Fr\u00fchling 2016). Luzerne- amerikanische Kultursorte PERFECTA (czyst.99,9% , kie\u0142k. 83 %, \u015bw. 10187227 von 18.01.2016) Rotklee, Wiesenklee LUCRUM C\/1 (\u015bw. Wlon0966\/2015) Material aus zwei Bauernh\u00f6fen ca. 100 ha, \u00f6kologisch, in Transitionsperiode. Material aus dem dritten Bauernhof ca. 40 ha konventional. Pr\u00fcfungen[&#8230;]<\/p>\n","protected":false},"author":1,"featured_media":0,"parent":0,"menu_order":3,"comment_status":"closed","ping_status":"closed","template":"","meta":[],"yoast_head":"<!-- This site is optimized with the Yoast SEO plugin v17.8 - https:\/\/yoast.com\/wordpress\/plugins\/seo\/ -->\n<title>Kiszkonki, sianokiszonki, owies i zbo\u017ca z certyfikatem - Womar Agro Serwis<\/title>\n<meta name=\"description\" content=\"W sprzada\u017cy ekologiczny owies oraz wysokobia\u0142kowa kiszonka i sianokiszonka w atrakcyjnych cenach. Zapraszamy do kontaktu z pewno\u015bci\u0105 pomo\u017cemy.\" \/>\n<meta name=\"robots\" content=\"index, follow, max-snippet:-1, max-image-preview:large, max-video-preview:-1\" \/>\n<link rel=\"canonical\" href=\"https:\/\/womaragroserwis.pl\/plody-rolne\/\" \/>\n<meta property=\"og:locale\" content=\"de_DE\" \/>\n<meta property=\"og:type\" content=\"article\" \/>\n<meta property=\"og:title\" content=\"Kiszkonki, sianokiszonki, owies i zbo\u017ca z certyfikatem - Womar Agro Serwis\" \/>\n<meta property=\"og:description\" content=\"W sprzada\u017cy ekologiczny owies oraz wysokobia\u0142kowa kiszonka i sianokiszonka w atrakcyjnych cenach. Zapraszamy do kontaktu z pewno\u015bci\u0105 pomo\u017cemy.\" \/>\n<meta property=\"og:url\" content=\"https:\/\/womaragroserwis.pl\/plody-rolne\/\" \/>\n<meta property=\"og:site_name\" content=\"Womar\" \/>\n<meta property=\"article:modified_time\" content=\"2021-12-02T11:48:43+00:00\" \/>\n<meta property=\"og:image\" content=\"https:\/\/womaragroserwis.pl\/wp-content\/uploads\/2017\/02\/IMG_0009-300x200.jpg\" \/>\n<meta name=\"twitter:card\" content=\"summary\" \/>\n<meta name=\"twitter:label1\" content=\"Gesch\u00e4tzte Lesezeit\" \/>\n\t<meta name=\"twitter:data1\" content=\"2\u00a0Minuten\" \/>\n<script type=\"application\/ld+json\" class=\"yoast-schema-graph\">{\"@context\":\"https:\/\/schema.org\",\"@graph\":[{\"@type\":\"WebSite\",\"@id\":\"https:\/\/womaragroserwis.pl\/#website\",\"url\":\"https:\/\/womaragroserwis.pl\/\",\"name\":\"Womar\",\"description\":\"Firma Womar Serwis dzia\\u0142a na rynku od 1999 r. G\\u0142\\u00f3wna siedziba firmy to Krak\\u00f3w ul Przykopy 5. Dwa lata temu, firma rozszerzy\\u0142a dzia\\u0142alno\\u015b\\u0107 o szeroko rozumiane  Us\\u0142ugi dla Rolnictwa oraz sprzeda\\u017c hurtow\\u0105 i detaliczn\\u0105 p\\u0142od\\u00f3w rolnych. Dzia\\u0142alno\\u015b\\u0107 ta prowadzona jest w nowo utworzonej filii w \\u0141owiczu Wa\\u0142eckim, gmina Miros\\u0142awiec, woj. Zach-Pom. Dla odr\\u00f3\\u017cnienia firma reklamuje si\\u0119 jako Womar Agro Serwis. Firma dysponuje nowoczesnym ,wysokowydajnym sprz\\u0119tem rolniczym, posiada baz\\u0119 magazynowo-sprz\\u0119tow\\u0105 , biuro, zaplecze socjalne oraz magazyny zewn\\u0119trzne.\",\"potentialAction\":[{\"@type\":\"SearchAction\",\"target\":{\"@type\":\"EntryPoint\",\"urlTemplate\":\"https:\/\/womaragroserwis.pl\/?s={search_term_string}\"},\"query-input\":\"required name=search_term_string\"}],\"inLanguage\":\"de\"},{\"@type\":\"ImageObject\",\"@id\":\"https:\/\/womaragroserwis.pl\/plody-rolne\/#primaryimage\",\"inLanguage\":\"de\",\"url\":\"https:\/\/womaragroserwis.pl\/wp-content\/uploads\/2016\/11\/box2.jpg\",\"contentUrl\":\"https:\/\/womaragroserwis.pl\/wp-content\/uploads\/2016\/11\/box2.jpg\",\"width\":280,\"height\":175},{\"@type\":\"WebPage\",\"@id\":\"https:\/\/womaragroserwis.pl\/plody-rolne\/#webpage\",\"url\":\"https:\/\/womaragroserwis.pl\/plody-rolne\/\",\"name\":\"Kiszkonki, sianokiszonki, owies i zbo\\u017ca z certyfikatem - Womar Agro Serwis\",\"isPartOf\":{\"@id\":\"https:\/\/womaragroserwis.pl\/#website\"},\"primaryImageOfPage\":{\"@id\":\"https:\/\/womaragroserwis.pl\/plody-rolne\/#primaryimage\"},\"datePublished\":\"2016-11-24T14:09:17+00:00\",\"dateModified\":\"2021-12-02T11:48:43+00:00\",\"description\":\"W sprzada\\u017cy ekologiczny owies oraz wysokobia\\u0142kowa kiszonka i sianokiszonka w atrakcyjnych cenach. Zapraszamy do kontaktu z pewno\\u015bci\\u0105 pomo\\u017cemy.\",\"breadcrumb\":{\"@id\":\"https:\/\/womaragroserwis.pl\/plody-rolne\/#breadcrumb\"},\"inLanguage\":\"de\",\"potentialAction\":[{\"@type\":\"ReadAction\",\"target\":[\"https:\/\/womaragroserwis.pl\/plody-rolne\/\"]}]},{\"@type\":\"BreadcrumbList\",\"@id\":\"https:\/\/womaragroserwis.pl\/plody-rolne\/#breadcrumb\",\"itemListElement\":[{\"@type\":\"ListItem\",\"position\":1,\"name\":\"Strona g\\u0142\\u00f3wna\",\"item\":\"https:\/\/womaragroserwis.pl\/\"},{\"@type\":\"ListItem\",\"position\":2,\"name\":\"P\\u0142ody rolne\"}]}]}<\/script>\n<!-- \/ Yoast SEO plugin. -->","yoast_head_json":{"title":"Kiszkonki, sianokiszonki, owies i zbo\u017ca z certyfikatem - Womar Agro Serwis","description":"W sprzada\u017cy ekologiczny owies oraz wysokobia\u0142kowa kiszonka i sianokiszonka w atrakcyjnych cenach. Zapraszamy do kontaktu z pewno\u015bci\u0105 pomo\u017cemy.","robots":{"index":"index","follow":"follow","max-snippet":"max-snippet:-1","max-image-preview":"max-image-preview:large","max-video-preview":"max-video-preview:-1"},"canonical":"https:\/\/womaragroserwis.pl\/plody-rolne\/","og_locale":"de_DE","og_type":"article","og_title":"Kiszkonki, sianokiszonki, owies i zbo\u017ca z certyfikatem - Womar Agro Serwis","og_description":"W sprzada\u017cy ekologiczny owies oraz wysokobia\u0142kowa kiszonka i sianokiszonka w atrakcyjnych cenach. Zapraszamy do kontaktu z pewno\u015bci\u0105 pomo\u017cemy.","og_url":"https:\/\/womaragroserwis.pl\/plody-rolne\/","og_site_name":"Womar","article_modified_time":"2021-12-02T11:48:43+00:00","og_image":[{"url":"https:\/\/womaragroserwis.pl\/wp-content\/uploads\/2017\/02\/IMG_0009-300x200.jpg"}],"twitter_card":"summary","twitter_misc":{"Gesch\u00e4tzte Lesezeit":"2\u00a0Minuten"},"schema":{"@context":"https:\/\/schema.org","@graph":[{"@type":"WebSite","@id":"https:\/\/womaragroserwis.pl\/#website","url":"https:\/\/womaragroserwis.pl\/","name":"Womar","description":"Firma Womar Serwis dzia\u0142a na rynku od 1999 r. G\u0142\u00f3wna siedziba firmy to Krak\u00f3w ul Przykopy 5. Dwa lata temu, firma rozszerzy\u0142a dzia\u0142alno\u015b\u0107 o szeroko rozumiane  Us\u0142ugi dla Rolnictwa oraz sprzeda\u017c hurtow\u0105 i detaliczn\u0105 p\u0142od\u00f3w rolnych. Dzia\u0142alno\u015b\u0107 ta prowadzona jest w nowo utworzonej filii w \u0141owiczu Wa\u0142eckim, gmina Miros\u0142awiec, woj. Zach-Pom. Dla odr\u00f3\u017cnienia firma reklamuje si\u0119 jako Womar Agro Serwis. Firma dysponuje nowoczesnym ,wysokowydajnym sprz\u0119tem rolniczym, posiada baz\u0119 magazynowo-sprz\u0119tow\u0105 , biuro, zaplecze socjalne oraz magazyny zewn\u0119trzne.","potentialAction":[{"@type":"SearchAction","target":{"@type":"EntryPoint","urlTemplate":"https:\/\/womaragroserwis.pl\/?s={search_term_string}"},"query-input":"required name=search_term_string"}],"inLanguage":"de"},{"@type":"ImageObject","@id":"https:\/\/womaragroserwis.pl\/plody-rolne\/#primaryimage","inLanguage":"de","url":"https:\/\/womaragroserwis.pl\/wp-content\/uploads\/2016\/11\/box2.jpg","contentUrl":"https:\/\/womaragroserwis.pl\/wp-content\/uploads\/2016\/11\/box2.jpg","width":280,"height":175},{"@type":"WebPage","@id":"https:\/\/womaragroserwis.pl\/plody-rolne\/#webpage","url":"https:\/\/womaragroserwis.pl\/plody-rolne\/","name":"Kiszkonki, sianokiszonki, owies i zbo\u017ca z certyfikatem - Womar Agro Serwis","isPartOf":{"@id":"https:\/\/womaragroserwis.pl\/#website"},"primaryImageOfPage":{"@id":"https:\/\/womaragroserwis.pl\/plody-rolne\/#primaryimage"},"datePublished":"2016-11-24T14:09:17+00:00","dateModified":"2021-12-02T11:48:43+00:00","description":"W sprzada\u017cy ekologiczny owies oraz wysokobia\u0142kowa kiszonka i sianokiszonka w atrakcyjnych cenach. Zapraszamy do kontaktu z pewno\u015bci\u0105 pomo\u017cemy.","breadcrumb":{"@id":"https:\/\/womaragroserwis.pl\/plody-rolne\/#breadcrumb"},"inLanguage":"de","potentialAction":[{"@type":"ReadAction","target":["https:\/\/womaragroserwis.pl\/plody-rolne\/"]}]},{"@type":"BreadcrumbList","@id":"https:\/\/womaragroserwis.pl\/plody-rolne\/#breadcrumb","itemListElement":[{"@type":"ListItem","position":1,"name":"Strona g\u0142\u00f3wna","item":"https:\/\/womaragroserwis.pl\/"},{"@type":"ListItem","position":2,"name":"P\u0142ody rolne"}]}]}},"_links":{"self":[{"href":"https:\/\/womaragroserwis.pl\/de\/wp-json\/wp\/v2\/pages\/15"}],"collection":[{"href":"https:\/\/womaragroserwis.pl\/de\/wp-json\/wp\/v2\/pages"}],"about":[{"href":"https:\/\/womaragroserwis.pl\/de\/wp-json\/wp\/v2\/types\/page"}],"author":[{"embeddable":true,"href":"https:\/\/womaragroserwis.pl\/de\/wp-json\/wp\/v2\/users\/1"}],"replies":[{"embeddable":true,"href":"https:\/\/womaragroserwis.pl\/de\/wp-json\/wp\/v2\/comments?post=15"}],"version-history":[{"count":36,"href":"https:\/\/womaragroserwis.pl\/de\/wp-json\/wp\/v2\/pages\/15\/revisions"}],"predecessor-version":[{"id":331,"href":"https:\/\/womaragroserwis.pl\/de\/wp-json\/wp\/v2\/pages\/15\/revisions\/331"}],"wp:attachment":[{"href":"https:\/\/womaragroserwis.pl\/de\/wp-json\/wp\/v2\/media?parent=15"}],"curies":[{"name":"wp","href":"https:\/\/api.w.org\/{rel}","templated":true}]}}