{"id":17,"date":"2016-11-24T15:09:35","date_gmt":"2016-11-24T14:09:35","guid":{"rendered":"http:\/\/womaragroserwis.pl\/?page_id=17"},"modified":"2021-12-02T13:31:16","modified_gmt":"2021-12-02T12:31:16","slug":"uslugi-rekultywacyjne","status":"publish","type":"page","link":"https:\/\/womaragroserwis.pl\/de\/uslugi-rekultywacyjne\/","title":{"rendered":"Sanierungsleistungen"},"content":{"rendered":"<p><\/p>\n<h4><strong>Umfassende Sanierungsma\u00dfnahmen, Versetzung vernachl\u00e4ssigter Areale in die richtige landwirtschaftliche Kultur.<\/strong><\/h4>\n<p>Unsere Firma besch\u00e4ftigt sich als eine der wenigen, mit solchen umfassenden Dienstleistungen dieser Art. Dies gilt insbesondere f\u00fcr landwirtschaftliche Betriebe, Areale, Gebiete, die landwirtschaftlich stark vernachl\u00e4ssigt werden, in denen der Anbau ineffizient und oft wirtschaftlich v\u00f6llig ungerechtfertigt ist.<\/p>","protected":false},"excerpt":{"rendered":"<p>Umfassende Sanierungsma\u00dfnahmen, Versetzung vernachl\u00e4ssigter Areale in die richtige landwirtschaftliche Kultur. Unsere Firma besch\u00e4ftigt sich als eine der wenigen, mit solchen umfassenden Dienstleistungen dieser Art. Dies gilt insbesondere f\u00fcr landwirtschaftliche Betriebe, Areale, Gebiete, die landwirtschaftlich stark vernachl\u00e4ssigt werden, in denen der Anbau ineffizient und oft wirtschaftlich v\u00f6llig ungerechtfertigt ist.<\/p>\n","protected":false},"author":1,"featured_media":0,"parent":0,"menu_order":4,"comment_status":"closed","ping_status":"closed","template":"","meta":[],"yoast_head":"<!-- This site is optimized with the Yoast SEO plugin v17.8 - https:\/\/yoast.com\/wordpress\/plugins\/seo\/ -->\n<title>Us\u0142ugi rekultywacyjne, koszenie \u0142\u0105k - Womar Agro Serwis<\/title>\n<meta name=\"description\" content=\"Prowadzimy kompleksowe us\u0142ugi rekultywacyjne maj\u0105ce na celu przywr\u00f3cenie ziemi do prawid\u0142owej kultury rolnej. Sprawd\u017a nasz\u0105 stron\u0119 i dowiedz si\u0119 wi\u0119cej.\" \/>\n<meta name=\"robots\" content=\"index, follow, max-snippet:-1, max-image-preview:large, max-video-preview:-1\" \/>\n<link rel=\"canonical\" href=\"https:\/\/womaragroserwis.pl\/en\/uslugi-rekultywacyjne\/\" \/>\n<meta property=\"og:locale\" content=\"de_DE\" \/>\n<meta property=\"og:type\" content=\"article\" \/>\n<meta property=\"og:title\" content=\"Us\u0142ugi rekultywacyjne, koszenie \u0142\u0105k - Womar Agro Serwis\" \/>\n<meta property=\"og:description\" content=\"Prowadzimy kompleksowe us\u0142ugi rekultywacyjne maj\u0105ce na celu przywr\u00f3cenie ziemi do prawid\u0142owej kultury rolnej. Sprawd\u017a nasz\u0105 stron\u0119 i dowiedz si\u0119 wi\u0119cej.\" \/>\n<meta property=\"og:url\" content=\"https:\/\/womaragroserwis.pl\/en\/uslugi-rekultywacyjne\/\" \/>\n<meta property=\"og:site_name\" content=\"Womar\" \/>\n<meta property=\"article:modified_time\" content=\"2021-12-02T12:31:16+00:00\" \/>\n<meta name=\"twitter:card\" content=\"summary\" \/>\n<meta name=\"twitter:label1\" content=\"Gesch\u00e4tzte Lesezeit\" \/>\n\t<meta name=\"twitter:data1\" content=\"1\u00a0Minute\" \/>\n<script type=\"application\/ld+json\" class=\"yoast-schema-graph\">{\"@context\":\"https:\/\/schema.org\",\"@graph\":[{\"@type\":\"WebSite\",\"@id\":\"https:\/\/womaragroserwis.pl\/#website\",\"url\":\"https:\/\/womaragroserwis.pl\/\",\"name\":\"Womar\",\"description\":\"Firma Womar Serwis dzia\\u0142a na rynku od 1999 r. G\\u0142\\u00f3wna siedziba firmy to Krak\\u00f3w ul Przykopy 5. Dwa lata temu, firma rozszerzy\\u0142a dzia\\u0142alno\\u015b\\u0107 o szeroko rozumiane  Us\\u0142ugi dla Rolnictwa oraz sprzeda\\u017c hurtow\\u0105 i detaliczn\\u0105 p\\u0142od\\u00f3w rolnych. Dzia\\u0142alno\\u015b\\u0107 ta prowadzona jest w nowo utworzonej filii w \\u0141owiczu Wa\\u0142eckim, gmina Miros\\u0142awiec, woj. Zach-Pom. Dla odr\\u00f3\\u017cnienia firma reklamuje si\\u0119 jako Womar Agro Serwis. Firma dysponuje nowoczesnym ,wysokowydajnym sprz\\u0119tem rolniczym, posiada baz\\u0119 magazynowo-sprz\\u0119tow\\u0105 , biuro, zaplecze socjalne oraz magazyny zewn\\u0119trzne.\",\"potentialAction\":[{\"@type\":\"SearchAction\",\"target\":{\"@type\":\"EntryPoint\",\"urlTemplate\":\"https:\/\/womaragroserwis.pl\/?s={search_term_string}\"},\"query-input\":\"required name=search_term_string\"}],\"inLanguage\":\"de\"},{\"@type\":\"WebPage\",\"@id\":\"https:\/\/womaragroserwis.pl\/en\/uslugi-rekultywacyjne\/#webpage\",\"url\":\"https:\/\/womaragroserwis.pl\/en\/uslugi-rekultywacyjne\/\",\"name\":\"Us\\u0142ugi rekultywacyjne, koszenie \\u0142\\u0105k - Womar Agro Serwis\",\"isPartOf\":{\"@id\":\"https:\/\/womaragroserwis.pl\/#website\"},\"datePublished\":\"2016-11-24T14:09:35+00:00\",\"dateModified\":\"2021-12-02T12:31:16+00:00\",\"description\":\"Prowadzimy kompleksowe us\\u0142ugi rekultywacyjne maj\\u0105ce na celu przywr\\u00f3cenie ziemi do prawid\\u0142owej kultury rolnej. Sprawd\\u017a nasz\\u0105 stron\\u0119 i dowiedz si\\u0119 wi\\u0119cej.\",\"breadcrumb\":{\"@id\":\"https:\/\/womaragroserwis.pl\/en\/uslugi-rekultywacyjne\/#breadcrumb\"},\"inLanguage\":\"de\",\"potentialAction\":[{\"@type\":\"ReadAction\",\"target\":[\"https:\/\/womaragroserwis.pl\/en\/uslugi-rekultywacyjne\/\"]}]},{\"@type\":\"BreadcrumbList\",\"@id\":\"https:\/\/womaragroserwis.pl\/en\/uslugi-rekultywacyjne\/#breadcrumb\",\"itemListElement\":[{\"@type\":\"ListItem\",\"position\":1,\"name\":\"Strona g\\u0142\\u00f3wna\",\"item\":\"https:\/\/womaragroserwis.pl\/\"},{\"@type\":\"ListItem\",\"position\":2,\"name\":\"Land reclamation services\"}]}]}<\/script>\n<!-- \/ Yoast SEO plugin. -->","yoast_head_json":{"title":"Us\u0142ugi rekultywacyjne, koszenie \u0142\u0105k - Womar Agro Serwis","description":"Prowadzimy kompleksowe us\u0142ugi rekultywacyjne maj\u0105ce na celu przywr\u00f3cenie ziemi do prawid\u0142owej kultury rolnej. Sprawd\u017a nasz\u0105 stron\u0119 i dowiedz si\u0119 wi\u0119cej.","robots":{"index":"index","follow":"follow","max-snippet":"max-snippet:-1","max-image-preview":"max-image-preview:large","max-video-preview":"max-video-preview:-1"},"canonical":"https:\/\/womaragroserwis.pl\/en\/uslugi-rekultywacyjne\/","og_locale":"de_DE","og_type":"article","og_title":"Us\u0142ugi rekultywacyjne, koszenie \u0142\u0105k - Womar Agro Serwis","og_description":"Prowadzimy kompleksowe us\u0142ugi rekultywacyjne maj\u0105ce na celu przywr\u00f3cenie ziemi do prawid\u0142owej kultury rolnej. Sprawd\u017a nasz\u0105 stron\u0119 i dowiedz si\u0119 wi\u0119cej.","og_url":"https:\/\/womaragroserwis.pl\/en\/uslugi-rekultywacyjne\/","og_site_name":"Womar","article_modified_time":"2021-12-02T12:31:16+00:00","twitter_card":"summary","twitter_misc":{"Gesch\u00e4tzte Lesezeit":"1\u00a0Minute"},"schema":{"@context":"https:\/\/schema.org","@graph":[{"@type":"WebSite","@id":"https:\/\/womaragroserwis.pl\/#website","url":"https:\/\/womaragroserwis.pl\/","name":"Womar","description":"Firma Womar Serwis dzia\u0142a na rynku od 1999 r. G\u0142\u00f3wna siedziba firmy to Krak\u00f3w ul Przykopy 5. Dwa lata temu, firma rozszerzy\u0142a dzia\u0142alno\u015b\u0107 o szeroko rozumiane  Us\u0142ugi dla Rolnictwa oraz sprzeda\u017c hurtow\u0105 i detaliczn\u0105 p\u0142od\u00f3w rolnych. Dzia\u0142alno\u015b\u0107 ta prowadzona jest w nowo utworzonej filii w \u0141owiczu Wa\u0142eckim, gmina Miros\u0142awiec, woj. Zach-Pom. Dla odr\u00f3\u017cnienia firma reklamuje si\u0119 jako Womar Agro Serwis. Firma dysponuje nowoczesnym ,wysokowydajnym sprz\u0119tem rolniczym, posiada baz\u0119 magazynowo-sprz\u0119tow\u0105 , biuro, zaplecze socjalne oraz magazyny zewn\u0119trzne.","potentialAction":[{"@type":"SearchAction","target":{"@type":"EntryPoint","urlTemplate":"https:\/\/womaragroserwis.pl\/?s={search_term_string}"},"query-input":"required name=search_term_string"}],"inLanguage":"de"},{"@type":"WebPage","@id":"https:\/\/womaragroserwis.pl\/en\/uslugi-rekultywacyjne\/#webpage","url":"https:\/\/womaragroserwis.pl\/en\/uslugi-rekultywacyjne\/","name":"Us\u0142ugi rekultywacyjne, koszenie \u0142\u0105k - Womar Agro Serwis","isPartOf":{"@id":"https:\/\/womaragroserwis.pl\/#website"},"datePublished":"2016-11-24T14:09:35+00:00","dateModified":"2021-12-02T12:31:16+00:00","description":"Prowadzimy kompleksowe us\u0142ugi rekultywacyjne maj\u0105ce na celu przywr\u00f3cenie ziemi do prawid\u0142owej kultury rolnej. Sprawd\u017a nasz\u0105 stron\u0119 i dowiedz si\u0119 wi\u0119cej.","breadcrumb":{"@id":"https:\/\/womaragroserwis.pl\/en\/uslugi-rekultywacyjne\/#breadcrumb"},"inLanguage":"de","potentialAction":[{"@type":"ReadAction","target":["https:\/\/womaragroserwis.pl\/en\/uslugi-rekultywacyjne\/"]}]},{"@type":"BreadcrumbList","@id":"https:\/\/womaragroserwis.pl\/en\/uslugi-rekultywacyjne\/#breadcrumb","itemListElement":[{"@type":"ListItem","position":1,"name":"Strona g\u0142\u00f3wna","item":"https:\/\/womaragroserwis.pl\/"},{"@type":"ListItem","position":2,"name":"Land reclamation services"}]}]}},"_links":{"self":[{"href":"https:\/\/womaragroserwis.pl\/de\/wp-json\/wp\/v2\/pages\/17"}],"collection":[{"href":"https:\/\/womaragroserwis.pl\/de\/wp-json\/wp\/v2\/pages"}],"about":[{"href":"https:\/\/womaragroserwis.pl\/de\/wp-json\/wp\/v2\/types\/page"}],"author":[{"embeddable":true,"href":"https:\/\/womaragroserwis.pl\/de\/wp-json\/wp\/v2\/users\/1"}],"replies":[{"embeddable":true,"href":"https:\/\/womaragroserwis.pl\/de\/wp-json\/wp\/v2\/comments?post=17"}],"version-history":[{"count":27,"href":"https:\/\/womaragroserwis.pl\/de\/wp-json\/wp\/v2\/pages\/17\/revisions"}],"predecessor-version":[{"id":337,"href":"https:\/\/womaragroserwis.pl\/de\/wp-json\/wp\/v2\/pages\/17\/revisions\/337"}],"wp:attachment":[{"href":"https:\/\/womaragroserwis.pl\/de\/wp-json\/wp\/v2\/media?parent=17"}],"curies":[{"name":"wp","href":"https:\/\/api.w.org\/{rel}","templated":true}]}}