{"id":19,"date":"2016-11-24T15:09:49","date_gmt":"2016-11-24T14:09:49","guid":{"rendered":"http:\/\/womaragroserwis.pl\/?page_id=19"},"modified":"2019-11-27T09:24:13","modified_gmt":"2019-11-27T08:24:13","slug":"kontakt","status":"publish","type":"page","link":"https:\/\/womaragroserwis.pl\/de\/kontakt\/","title":{"rendered":"Kontakt"},"content":{"rendered":"<p><strong>Womar Agro Serwis<\/strong><\/p>\n<p>\u0141owicz Wa\u0142ecki 1A, 78-650 Miros\u0142awiec<\/p>\n<p>E-Mail: <span style=\"color: #008000;\">biuro@womaragroserwis.pl<\/span><\/p>\n<p>Tel. 510-336-680<\/p>","protected":false},"excerpt":{"rendered":"<p>Womar Agro Serwis \u0141owicz Wa\u0142ecki 1A, 78-650 Miros\u0142awiec E-Mail: biuro@womaragroserwis.pl Tel. 510-336-680<\/p>\n","protected":false},"author":1,"featured_media":0,"parent":0,"menu_order":5,"comment_status":"closed","ping_status":"closed","template":"","meta":[],"yoast_head":"<!-- This site is optimized with the Yoast SEO plugin v17.8 - https:\/\/yoast.com\/wordpress\/plugins\/seo\/ -->\n<title>Kontakt - Womar Agro Serwis<\/title>\n<meta name=\"description\" content=\"Zapraszamy do kontaktu w sprawie prowadzonych przez nas us\u0142ug. Na stronie znajdziesz aktualne dane kontaktowe oraz mapk\u0119 dojazdu.\" \/>\n<meta name=\"robots\" content=\"index, follow, max-snippet:-1, max-image-preview:large, max-video-preview:-1\" \/>\n<link rel=\"canonical\" href=\"https:\/\/womaragroserwis.pl\/kontakt\/\" \/>\n<meta property=\"og:locale\" content=\"de_DE\" \/>\n<meta property=\"og:type\" content=\"article\" \/>\n<meta property=\"og:title\" content=\"Kontakt - Womar Agro Serwis\" \/>\n<meta property=\"og:description\" content=\"Zapraszamy do kontaktu w sprawie prowadzonych przez nas us\u0142ug. Na stronie znajdziesz aktualne dane kontaktowe oraz mapk\u0119 dojazdu.\" \/>\n<meta property=\"og:url\" content=\"https:\/\/womaragroserwis.pl\/kontakt\/\" \/>\n<meta property=\"og:site_name\" content=\"Womar\" \/>\n<meta property=\"article:modified_time\" content=\"2019-11-27T08:24:13+00:00\" \/>\n<meta name=\"twitter:card\" content=\"summary\" \/>\n<script type=\"application\/ld+json\" class=\"yoast-schema-graph\">{\"@context\":\"https:\/\/schema.org\",\"@graph\":[{\"@type\":\"WebSite\",\"@id\":\"https:\/\/womaragroserwis.pl\/#website\",\"url\":\"https:\/\/womaragroserwis.pl\/\",\"name\":\"Womar\",\"description\":\"Firma Womar Serwis dzia\\u0142a na rynku od 1999 r. G\\u0142\\u00f3wna siedziba firmy to Krak\\u00f3w ul Przykopy 5. Dwa lata temu, firma rozszerzy\\u0142a dzia\\u0142alno\\u015b\\u0107 o szeroko rozumiane  Us\\u0142ugi dla Rolnictwa oraz sprzeda\\u017c hurtow\\u0105 i detaliczn\\u0105 p\\u0142od\\u00f3w rolnych. Dzia\\u0142alno\\u015b\\u0107 ta prowadzona jest w nowo utworzonej filii w \\u0141owiczu Wa\\u0142eckim, gmina Miros\\u0142awiec, woj. Zach-Pom. Dla odr\\u00f3\\u017cnienia firma reklamuje si\\u0119 jako Womar Agro Serwis. Firma dysponuje nowoczesnym ,wysokowydajnym sprz\\u0119tem rolniczym, posiada baz\\u0119 magazynowo-sprz\\u0119tow\\u0105 , biuro, zaplecze socjalne oraz magazyny zewn\\u0119trzne.\",\"potentialAction\":[{\"@type\":\"SearchAction\",\"target\":{\"@type\":\"EntryPoint\",\"urlTemplate\":\"https:\/\/womaragroserwis.pl\/?s={search_term_string}\"},\"query-input\":\"required name=search_term_string\"}],\"inLanguage\":\"de\"},{\"@type\":\"WebPage\",\"@id\":\"https:\/\/womaragroserwis.pl\/kontakt\/#webpage\",\"url\":\"https:\/\/womaragroserwis.pl\/kontakt\/\",\"name\":\"Kontakt - Womar Agro Serwis\",\"isPartOf\":{\"@id\":\"https:\/\/womaragroserwis.pl\/#website\"},\"datePublished\":\"2016-11-24T14:09:49+00:00\",\"dateModified\":\"2019-11-27T08:24:13+00:00\",\"description\":\"Zapraszamy do kontaktu w sprawie prowadzonych przez nas us\\u0142ug. Na stronie znajdziesz aktualne dane kontaktowe oraz mapk\\u0119 dojazdu.\",\"breadcrumb\":{\"@id\":\"https:\/\/womaragroserwis.pl\/kontakt\/#breadcrumb\"},\"inLanguage\":\"de\",\"potentialAction\":[{\"@type\":\"ReadAction\",\"target\":[\"https:\/\/womaragroserwis.pl\/kontakt\/\"]}]},{\"@type\":\"BreadcrumbList\",\"@id\":\"https:\/\/womaragroserwis.pl\/kontakt\/#breadcrumb\",\"itemListElement\":[{\"@type\":\"ListItem\",\"position\":1,\"name\":\"Strona g\\u0142\\u00f3wna\",\"item\":\"https:\/\/womaragroserwis.pl\/\"},{\"@type\":\"ListItem\",\"position\":2,\"name\":\"Kontakt\"}]}]}<\/script>\n<!-- \/ Yoast SEO plugin. -->","yoast_head_json":{"title":"Kontakt - Womar Agro Serwis","description":"Zapraszamy do kontaktu w sprawie prowadzonych przez nas us\u0142ug. Na stronie znajdziesz aktualne dane kontaktowe oraz mapk\u0119 dojazdu.","robots":{"index":"index","follow":"follow","max-snippet":"max-snippet:-1","max-image-preview":"max-image-preview:large","max-video-preview":"max-video-preview:-1"},"canonical":"https:\/\/womaragroserwis.pl\/kontakt\/","og_locale":"de_DE","og_type":"article","og_title":"Kontakt - Womar Agro Serwis","og_description":"Zapraszamy do kontaktu w sprawie prowadzonych przez nas us\u0142ug. Na stronie znajdziesz aktualne dane kontaktowe oraz mapk\u0119 dojazdu.","og_url":"https:\/\/womaragroserwis.pl\/kontakt\/","og_site_name":"Womar","article_modified_time":"2019-11-27T08:24:13+00:00","twitter_card":"summary","schema":{"@context":"https:\/\/schema.org","@graph":[{"@type":"WebSite","@id":"https:\/\/womaragroserwis.pl\/#website","url":"https:\/\/womaragroserwis.pl\/","name":"Womar","description":"Firma Womar Serwis dzia\u0142a na rynku od 1999 r. G\u0142\u00f3wna siedziba firmy to Krak\u00f3w ul Przykopy 5. Dwa lata temu, firma rozszerzy\u0142a dzia\u0142alno\u015b\u0107 o szeroko rozumiane  Us\u0142ugi dla Rolnictwa oraz sprzeda\u017c hurtow\u0105 i detaliczn\u0105 p\u0142od\u00f3w rolnych. Dzia\u0142alno\u015b\u0107 ta prowadzona jest w nowo utworzonej filii w \u0141owiczu Wa\u0142eckim, gmina Miros\u0142awiec, woj. Zach-Pom. Dla odr\u00f3\u017cnienia firma reklamuje si\u0119 jako Womar Agro Serwis. Firma dysponuje nowoczesnym ,wysokowydajnym sprz\u0119tem rolniczym, posiada baz\u0119 magazynowo-sprz\u0119tow\u0105 , biuro, zaplecze socjalne oraz magazyny zewn\u0119trzne.","potentialAction":[{"@type":"SearchAction","target":{"@type":"EntryPoint","urlTemplate":"https:\/\/womaragroserwis.pl\/?s={search_term_string}"},"query-input":"required name=search_term_string"}],"inLanguage":"de"},{"@type":"WebPage","@id":"https:\/\/womaragroserwis.pl\/kontakt\/#webpage","url":"https:\/\/womaragroserwis.pl\/kontakt\/","name":"Kontakt - Womar Agro Serwis","isPartOf":{"@id":"https:\/\/womaragroserwis.pl\/#website"},"datePublished":"2016-11-24T14:09:49+00:00","dateModified":"2019-11-27T08:24:13+00:00","description":"Zapraszamy do kontaktu w sprawie prowadzonych przez nas us\u0142ug. Na stronie znajdziesz aktualne dane kontaktowe oraz mapk\u0119 dojazdu.","breadcrumb":{"@id":"https:\/\/womaragroserwis.pl\/kontakt\/#breadcrumb"},"inLanguage":"de","potentialAction":[{"@type":"ReadAction","target":["https:\/\/womaragroserwis.pl\/kontakt\/"]}]},{"@type":"BreadcrumbList","@id":"https:\/\/womaragroserwis.pl\/kontakt\/#breadcrumb","itemListElement":[{"@type":"ListItem","position":1,"name":"Strona g\u0142\u00f3wna","item":"https:\/\/womaragroserwis.pl\/"},{"@type":"ListItem","position":2,"name":"Kontakt"}]}]}},"_links":{"self":[{"href":"https:\/\/womaragroserwis.pl\/de\/wp-json\/wp\/v2\/pages\/19"}],"collection":[{"href":"https:\/\/womaragroserwis.pl\/de\/wp-json\/wp\/v2\/pages"}],"about":[{"href":"https:\/\/womaragroserwis.pl\/de\/wp-json\/wp\/v2\/types\/page"}],"author":[{"embeddable":true,"href":"https:\/\/womaragroserwis.pl\/de\/wp-json\/wp\/v2\/users\/1"}],"replies":[{"embeddable":true,"href":"https:\/\/womaragroserwis.pl\/de\/wp-json\/wp\/v2\/comments?post=19"}],"version-history":[{"count":21,"href":"https:\/\/womaragroserwis.pl\/de\/wp-json\/wp\/v2\/pages\/19\/revisions"}],"predecessor-version":[{"id":293,"href":"https:\/\/womaragroserwis.pl\/de\/wp-json\/wp\/v2\/pages\/19\/revisions\/293"}],"wp:attachment":[{"href":"https:\/\/womaragroserwis.pl\/de\/wp-json\/wp\/v2\/media?parent=19"}],"curies":[{"name":"wp","href":"https:\/\/api.w.org\/{rel}","templated":true}]}}