{"id":338,"date":"2022-01-25T12:14:48","date_gmt":"2022-01-25T11:14:48","guid":{"rendered":"https:\/\/womaragroserwis.pl\/?page_id=338"},"modified":"2022-01-28T14:02:06","modified_gmt":"2022-01-28T13:02:06","slug":"hodowla-jeleni-i-danieli","status":"publish","type":"page","link":"https:\/\/womaragroserwis.pl\/de\/hodowla-jeleni-i-danieli\/","title":{"rendered":"Hodowla jeleni i danieli"},"content":{"rendered":"<p class=\"qtranxs-available-languages-message qtranxs-available-languages-message-de\">Leider ist der Eintrag nur auf <a href=\"https:\/\/womaragroserwis.pl\/pl\/wp-json\/wp\/v2\/pages\/338\" class=\"qtranxs-available-language-link qtranxs-available-language-link-pl\" title=\"Polski\">Polnisch<\/a> verf\u00fcgbar. Der Inhalt wird unten in einer verf\u00fcgbaren Sprache angezeigt. Klicken Sie auf den Link, um die aktuelle Sprache zu \u00e4ndern.<\/p><p>Od 2019 roku zajmujemy si\u0119 hodowl\u0105 <strong>jeleni szlachetnych oraz danieli europejskich<\/strong> w \u0141owiczu Wa\u0142eckim, woj. zachodniopomorskie, powiat wa\u0142ecki. Nie jeste\u015bmy du\u017c\u0105 hodowl\u0105, nasze stada \u0142\u0105cznie wynosz\u0105 oko\u0142o 100szt, cho\u0107 wed\u0142ug nas jest to du\u017cy plus, poniewa\u017c mamy lepszy ogl\u0105d na ka\u017cd\u0105 sztuk\u0119.<\/p>\n<p>Zim\u0105 zwierz\u0119ta dokarmiamy wy\u0142\u0105cznie <strong>naturalnymi<\/strong> sk\u0142adnikami m.in. marchewk\u0105, burakami, owsem z naszych ekologicznych upraw oraz sianem i sianokiszonk\u0105, kt\u00f3re r\u00f3wnie\u017c zbieramy na swoich ekologicznych polach. Nieod\u0142\u0105cznym elementem jest te\u017c dost\u0119p do \u015bwie\u017cej wody oraz lizawek. Latem dbamy by jelenie i daniele mia\u0142y dost\u0119p do dobrej jako\u015bci pastwisk, kt\u00f3re regularnie przesiewamy i napowietrzamy.<\/p>\n<p>Jeste\u015bmy pod nadzorem <strong>powiatowego inspektoratu weterynarii oraz jednostki certyfikuj\u0105cej ekologie<\/strong>. Regularnie s\u0105 u nas przeprowadzane kontrole co potwierdzaj\u0105 raporty i <strong>certyfikaty ekologiczne<\/strong>. Nasze zwierz\u0119ta s\u0105 systematycznie odrobaczane pod wzgl\u0119dem paso\u017cyt\u00f3w wewn\u0119trznych oraz zewn\u0119trznych. Ka\u017cda sztuka jest zakolczykowana przez co dok\u0142adnie wiemy kiedy si\u0119 urodzi\u0142a i jaka jest jej historia.<\/p>\n<p>Naszym g\u0142\u00f3wnym za\u0142o\u017ceniem jest sprzeda\u017c zwierz\u0105t do dalszej hodowli. Naszym klientom oferujemy nie tylko pi\u0119kne zwierz\u0119ta, ale r\u00f3wnie\u017c <strong>doradztwo i pomoc<\/strong>.<\/p>\n<p>Je\u015bli jeste\u015b zainteresowany powi\u0119kszeniem swojego stada lub dopiero planujesz za\u0142o\u017cenie hodowli &#8211; <strong>ZADZWO\u0143<\/strong>! Ch\u0119tnie odpowiemy na pytania i w\u0105tpliwo\u015bci.<\/p>\n<p>Zapraszamy r\u00f3wnie\u017c na naszego <a href=\"https:\/\/www.facebook.com\/pages\/category\/Agriculture\/Hodowla-Jeleniowatych-102528988297589\/\"><strong>facebooka<\/strong><\/a> oraz <strong><a href=\"https:\/\/www.instagram.com\/jeleniowate.hodowla\/\">instagrama<\/a> \ud83d\ude42<\/strong><\/p>\n<p>Poni\u017cej przedstawiamy zdj\u0119cia naszych zwierzak\u00f3w.<\/p>\n<p><img loading=\"lazy\" class=\"alignnone size-full wp-image-343\" src=\"https:\/\/womaragroserwis.pl\/wp-content\/uploads\/2022\/01\/272065721_1614411888920798_5211851117419519001_n.jpg\" alt=\"\" width=\"960\" height=\"540\" srcset=\"https:\/\/womaragroserwis.pl\/wp-content\/uploads\/2022\/01\/272065721_1614411888920798_5211851117419519001_n.jpg 960w, https:\/\/womaragroserwis.pl\/wp-content\/uploads\/2022\/01\/272065721_1614411888920798_5211851117419519001_n-300x169.jpg 300w, https:\/\/womaragroserwis.pl\/wp-content\/uploads\/2022\/01\/272065721_1614411888920798_5211851117419519001_n-768x432.jpg 768w\" sizes=\"(max-width: 960px) 100vw, 960px\" \/><img loading=\"lazy\" class=\"alignnone size-full wp-image-347\" src=\"https:\/\/womaragroserwis.pl\/wp-content\/uploads\/2022\/01\/270072125_452543816605685_1216876092775906320_n.jpg\" alt=\"\" width=\"851\" height=\"851\" srcset=\"https:\/\/womaragroserwis.pl\/wp-content\/uploads\/2022\/01\/270072125_452543816605685_1216876092775906320_n.jpg 851w, https:\/\/womaragroserwis.pl\/wp-content\/uploads\/2022\/01\/270072125_452543816605685_1216876092775906320_n-300x300.jpg 300w, https:\/\/womaragroserwis.pl\/wp-content\/uploads\/2022\/01\/270072125_452543816605685_1216876092775906320_n-150x150.jpg 150w, https:\/\/womaragroserwis.pl\/wp-content\/uploads\/2022\/01\/270072125_452543816605685_1216876092775906320_n-768x768.jpg 768w, https:\/\/womaragroserwis.pl\/wp-content\/uploads\/2022\/01\/270072125_452543816605685_1216876092775906320_n-700x700.jpg 700w\" sizes=\"(max-width: 851px) 100vw, 851px\" \/><img loading=\"lazy\" class=\"alignnone size-full wp-image-340\" src=\"https:\/\/womaragroserwis.pl\/wp-content\/uploads\/2022\/01\/271590169_250438160446513_3166616747772033370_n.jpg\" alt=\"\" width=\"960\" height=\"540\" srcset=\"https:\/\/womaragroserwis.pl\/wp-content\/uploads\/2022\/01\/271590169_250438160446513_3166616747772033370_n.jpg 960w, https:\/\/womaragroserwis.pl\/wp-content\/uploads\/2022\/01\/271590169_250438160446513_3166616747772033370_n-300x169.jpg 300w, https:\/\/womaragroserwis.pl\/wp-content\/uploads\/2022\/01\/271590169_250438160446513_3166616747772033370_n-768x432.jpg 768w\" sizes=\"(max-width: 960px) 100vw, 960px\" \/><img loading=\"lazy\" class=\"alignnone size-full wp-image-346\" src=\"https:\/\/womaragroserwis.pl\/wp-content\/uploads\/2022\/01\/270072562_303020741869254_8877371458442553025_n.jpg\" alt=\"\" width=\"960\" height=\"528\" srcset=\"https:\/\/womaragroserwis.pl\/wp-content\/uploads\/2022\/01\/270072562_303020741869254_8877371458442553025_n.jpg 960w, https:\/\/womaragroserwis.pl\/wp-content\/uploads\/2022\/01\/270072562_303020741869254_8877371458442553025_n-300x165.jpg 300w, https:\/\/womaragroserwis.pl\/wp-content\/uploads\/2022\/01\/270072562_303020741869254_8877371458442553025_n-768x422.jpg 768w\" sizes=\"(max-width: 960px) 100vw, 960px\" \/><img loading=\"lazy\" class=\"alignnone size-full wp-image-345\" src=\"https:\/\/womaragroserwis.pl\/wp-content\/uploads\/2022\/01\/271943191_677707470267667_746826831349291462_n.jpg\" alt=\"\" width=\"960\" height=\"540\" srcset=\"https:\/\/womaragroserwis.pl\/wp-content\/uploads\/2022\/01\/271943191_677707470267667_746826831349291462_n.jpg 960w, https:\/\/womaragroserwis.pl\/wp-content\/uploads\/2022\/01\/271943191_677707470267667_746826831349291462_n-300x169.jpg 300w, https:\/\/womaragroserwis.pl\/wp-content\/uploads\/2022\/01\/271943191_677707470267667_746826831349291462_n-768x432.jpg 768w\" sizes=\"(max-width: 960px) 100vw, 960px\" \/><\/p>","protected":false},"excerpt":{"rendered":"<p>Leider ist der Eintrag nur auf Polnisch verf\u00fcgbar. Der Inhalt wird unten in einer verf\u00fcgbaren Sprache angezeigt. Klicken Sie auf den Link, um die aktuelle Sprache zu \u00e4ndern.Od 2019 roku zajmujemy si\u0119 hodowl\u0105 jeleni szlachetnych oraz danieli europejskich w \u0141owiczu Wa\u0142eckim, woj. zachodniopomorskie, powiat wa\u0142ecki. Nie jeste\u015bmy du\u017c\u0105 hodowl\u0105, nasze stada \u0142\u0105cznie wynosz\u0105 oko\u0142o 100szt,[&#8230;]<\/p>\n","protected":false},"author":1,"featured_media":341,"parent":0,"menu_order":6,"comment_status":"closed","ping_status":"closed","template":"","meta":[],"yoast_head":"<!-- This site is optimized with the Yoast SEO plugin v17.8 - https:\/\/yoast.com\/wordpress\/plugins\/seo\/ -->\n<title><\/title>\n<meta name=\"robots\" content=\"index, follow, max-snippet:-1, max-image-preview:large, max-video-preview:-1\" \/>\n<link rel=\"canonical\" href=\"https:\/\/womaragroserwis.pl\/hodowla-jeleni-i-danieli\/\" \/>\n<meta property=\"og:locale\" content=\"de_DE\" \/>\n<meta property=\"og:type\" content=\"article\" \/>\n<meta property=\"og:title\" content=\"[:pl]Hodowla jeleni i danieli[:] - Womar\" \/>\n<meta property=\"og:description\" content=\"Leider ist der Eintrag nur auf Polnisch verf\u00fcgbar. Der Inhalt wird unten in einer verf\u00fcgbaren Sprache angezeigt. Klicken Sie auf den Link, um die aktuelle Sprache zu \u00e4ndern.Od 2019 roku zajmujemy si\u0119 hodowl\u0105 jeleni szlachetnych oraz danieli europejskich w \u0141owiczu Wa\u0142eckim, woj. zachodniopomorskie, powiat wa\u0142ecki. Nie jeste\u015bmy du\u017c\u0105 hodowl\u0105, nasze stada \u0142\u0105cznie wynosz\u0105 oko\u0142o 100szt,[...]\" \/>\n<meta property=\"og:url\" content=\"https:\/\/womaragroserwis.pl\/hodowla-jeleni-i-danieli\/\" \/>\n<meta property=\"og:site_name\" content=\"Womar\" \/>\n<meta property=\"article:modified_time\" content=\"2022-01-28T13:02:06+00:00\" \/>\n<meta property=\"og:image\" content=\"https:\/\/womaragroserwis.pl\/wp-content\/uploads\/2022\/01\/271844685_296587242336376_226277983455028686_n.jpg\" \/>\n\t<meta property=\"og:image:width\" content=\"960\" \/>\n\t<meta property=\"og:image:height\" content=\"540\" \/>\n<meta name=\"twitter:card\" content=\"summary\" \/>\n<meta name=\"twitter:label1\" content=\"Gesch\u00e4tzte Lesezeit\" \/>\n\t<meta name=\"twitter:data1\" content=\"3\u00a0Minuten\" \/>\n<script type=\"application\/ld+json\" class=\"yoast-schema-graph\">{\"@context\":\"https:\/\/schema.org\",\"@graph\":[{\"@type\":\"WebSite\",\"@id\":\"https:\/\/womaragroserwis.pl\/#website\",\"url\":\"https:\/\/womaragroserwis.pl\/\",\"name\":\"Womar\",\"description\":\"Firma Womar Serwis dzia\\u0142a na rynku od 1999 r. G\\u0142\\u00f3wna siedziba firmy to Krak\\u00f3w ul Przykopy 5. Dwa lata temu, firma rozszerzy\\u0142a dzia\\u0142alno\\u015b\\u0107 o szeroko rozumiane  Us\\u0142ugi dla Rolnictwa oraz sprzeda\\u017c hurtow\\u0105 i detaliczn\\u0105 p\\u0142od\\u00f3w rolnych. Dzia\\u0142alno\\u015b\\u0107 ta prowadzona jest w nowo utworzonej filii w \\u0141owiczu Wa\\u0142eckim, gmina Miros\\u0142awiec, woj. Zach-Pom. Dla odr\\u00f3\\u017cnienia firma reklamuje si\\u0119 jako Womar Agro Serwis. Firma dysponuje nowoczesnym ,wysokowydajnym sprz\\u0119tem rolniczym, posiada baz\\u0119 magazynowo-sprz\\u0119tow\\u0105 , biuro, zaplecze socjalne oraz magazyny zewn\\u0119trzne.\",\"potentialAction\":[{\"@type\":\"SearchAction\",\"target\":{\"@type\":\"EntryPoint\",\"urlTemplate\":\"https:\/\/womaragroserwis.pl\/?s={search_term_string}\"},\"query-input\":\"required name=search_term_string\"}],\"inLanguage\":\"de\"},{\"@type\":\"ImageObject\",\"@id\":\"https:\/\/womaragroserwis.pl\/hodowla-jeleni-i-danieli\/#primaryimage\",\"inLanguage\":\"de\",\"url\":\"https:\/\/womaragroserwis.pl\/wp-content\/uploads\/2022\/01\/271844685_296587242336376_226277983455028686_n.jpg\",\"contentUrl\":\"https:\/\/womaragroserwis.pl\/wp-content\/uploads\/2022\/01\/271844685_296587242336376_226277983455028686_n.jpg\",\"width\":960,\"height\":540},{\"@type\":\"WebPage\",\"@id\":\"https:\/\/womaragroserwis.pl\/hodowla-jeleni-i-danieli\/#webpage\",\"url\":\"https:\/\/womaragroserwis.pl\/hodowla-jeleni-i-danieli\/\",\"name\":\"[:pl]Hodowla jeleni i danieli[:] - Womar\",\"isPartOf\":{\"@id\":\"https:\/\/womaragroserwis.pl\/#website\"},\"primaryImageOfPage\":{\"@id\":\"https:\/\/womaragroserwis.pl\/hodowla-jeleni-i-danieli\/#primaryimage\"},\"datePublished\":\"2022-01-25T11:14:48+00:00\",\"dateModified\":\"2022-01-28T13:02:06+00:00\",\"breadcrumb\":{\"@id\":\"https:\/\/womaragroserwis.pl\/hodowla-jeleni-i-danieli\/#breadcrumb\"},\"inLanguage\":\"de\",\"potentialAction\":[{\"@type\":\"ReadAction\",\"target\":[\"https:\/\/womaragroserwis.pl\/hodowla-jeleni-i-danieli\/\"]}]},{\"@type\":\"BreadcrumbList\",\"@id\":\"https:\/\/womaragroserwis.pl\/hodowla-jeleni-i-danieli\/#breadcrumb\",\"itemListElement\":[{\"@type\":\"ListItem\",\"position\":1,\"name\":\"Strona g\\u0142\\u00f3wna\",\"item\":\"https:\/\/womaragroserwis.pl\/\"},{\"@type\":\"ListItem\",\"position\":2,\"name\":\"Hodowla jeleni i danieli\"}]}]}<\/script>\n<!-- \/ Yoast SEO plugin. -->","yoast_head_json":{"title":"[:pl]Hodowla jeleni i danieli[:] - Womar","robots":{"index":"index","follow":"follow","max-snippet":"max-snippet:-1","max-image-preview":"max-image-preview:large","max-video-preview":"max-video-preview:-1"},"canonical":"https:\/\/womaragroserwis.pl\/hodowla-jeleni-i-danieli\/","og_locale":"de_DE","og_type":"article","og_title":"[:pl]Hodowla jeleni i danieli[:] - Womar","og_description":"Leider ist der Eintrag nur auf Polnisch verf\u00fcgbar. Der Inhalt wird unten in einer verf\u00fcgbaren Sprache angezeigt. Klicken Sie auf den Link, um die aktuelle Sprache zu \u00e4ndern.Od 2019 roku zajmujemy si\u0119 hodowl\u0105 jeleni szlachetnych oraz danieli europejskich w \u0141owiczu Wa\u0142eckim, woj. zachodniopomorskie, powiat wa\u0142ecki. Nie jeste\u015bmy du\u017c\u0105 hodowl\u0105, nasze stada \u0142\u0105cznie wynosz\u0105 oko\u0142o 100szt,[...]","og_url":"https:\/\/womaragroserwis.pl\/hodowla-jeleni-i-danieli\/","og_site_name":"Womar","article_modified_time":"2022-01-28T13:02:06+00:00","og_image":[{"width":960,"height":540,"url":"https:\/\/womaragroserwis.pl\/wp-content\/uploads\/2022\/01\/271844685_296587242336376_226277983455028686_n.jpg","type":"image\/jpeg"}],"twitter_card":"summary","twitter_misc":{"Gesch\u00e4tzte Lesezeit":"3\u00a0Minuten"},"schema":{"@context":"https:\/\/schema.org","@graph":[{"@type":"WebSite","@id":"https:\/\/womaragroserwis.pl\/#website","url":"https:\/\/womaragroserwis.pl\/","name":"Womar","description":"Firma Womar Serwis dzia\u0142a na rynku od 1999 r. G\u0142\u00f3wna siedziba firmy to Krak\u00f3w ul Przykopy 5. Dwa lata temu, firma rozszerzy\u0142a dzia\u0142alno\u015b\u0107 o szeroko rozumiane  Us\u0142ugi dla Rolnictwa oraz sprzeda\u017c hurtow\u0105 i detaliczn\u0105 p\u0142od\u00f3w rolnych. Dzia\u0142alno\u015b\u0107 ta prowadzona jest w nowo utworzonej filii w \u0141owiczu Wa\u0142eckim, gmina Miros\u0142awiec, woj. Zach-Pom. Dla odr\u00f3\u017cnienia firma reklamuje si\u0119 jako Womar Agro Serwis. Firma dysponuje nowoczesnym ,wysokowydajnym sprz\u0119tem rolniczym, posiada baz\u0119 magazynowo-sprz\u0119tow\u0105 , biuro, zaplecze socjalne oraz magazyny zewn\u0119trzne.","potentialAction":[{"@type":"SearchAction","target":{"@type":"EntryPoint","urlTemplate":"https:\/\/womaragroserwis.pl\/?s={search_term_string}"},"query-input":"required name=search_term_string"}],"inLanguage":"de"},{"@type":"ImageObject","@id":"https:\/\/womaragroserwis.pl\/hodowla-jeleni-i-danieli\/#primaryimage","inLanguage":"de","url":"https:\/\/womaragroserwis.pl\/wp-content\/uploads\/2022\/01\/271844685_296587242336376_226277983455028686_n.jpg","contentUrl":"https:\/\/womaragroserwis.pl\/wp-content\/uploads\/2022\/01\/271844685_296587242336376_226277983455028686_n.jpg","width":960,"height":540},{"@type":"WebPage","@id":"https:\/\/womaragroserwis.pl\/hodowla-jeleni-i-danieli\/#webpage","url":"https:\/\/womaragroserwis.pl\/hodowla-jeleni-i-danieli\/","name":"[:pl]Hodowla jeleni i danieli[:] - Womar","isPartOf":{"@id":"https:\/\/womaragroserwis.pl\/#website"},"primaryImageOfPage":{"@id":"https:\/\/womaragroserwis.pl\/hodowla-jeleni-i-danieli\/#primaryimage"},"datePublished":"2022-01-25T11:14:48+00:00","dateModified":"2022-01-28T13:02:06+00:00","breadcrumb":{"@id":"https:\/\/womaragroserwis.pl\/hodowla-jeleni-i-danieli\/#breadcrumb"},"inLanguage":"de","potentialAction":[{"@type":"ReadAction","target":["https:\/\/womaragroserwis.pl\/hodowla-jeleni-i-danieli\/"]}]},{"@type":"BreadcrumbList","@id":"https:\/\/womaragroserwis.pl\/hodowla-jeleni-i-danieli\/#breadcrumb","itemListElement":[{"@type":"ListItem","position":1,"name":"Strona g\u0142\u00f3wna","item":"https:\/\/womaragroserwis.pl\/"},{"@type":"ListItem","position":2,"name":"Hodowla jeleni i danieli"}]}]}},"_links":{"self":[{"href":"https:\/\/womaragroserwis.pl\/de\/wp-json\/wp\/v2\/pages\/338"}],"collection":[{"href":"https:\/\/womaragroserwis.pl\/de\/wp-json\/wp\/v2\/pages"}],"about":[{"href":"https:\/\/womaragroserwis.pl\/de\/wp-json\/wp\/v2\/types\/page"}],"author":[{"embeddable":true,"href":"https:\/\/womaragroserwis.pl\/de\/wp-json\/wp\/v2\/users\/1"}],"replies":[{"embeddable":true,"href":"https:\/\/womaragroserwis.pl\/de\/wp-json\/wp\/v2\/comments?post=338"}],"version-history":[{"count":8,"href":"https:\/\/womaragroserwis.pl\/de\/wp-json\/wp\/v2\/pages\/338\/revisions"}],"predecessor-version":[{"id":400,"href":"https:\/\/womaragroserwis.pl\/de\/wp-json\/wp\/v2\/pages\/338\/revisions\/400"}],"wp:featuredmedia":[{"embeddable":true,"href":"https:\/\/womaragroserwis.pl\/de\/wp-json\/wp\/v2\/media\/341"}],"wp:attachment":[{"href":"https:\/\/womaragroserwis.pl\/de\/wp-json\/wp\/v2\/media?parent=338"}],"curies":[{"name":"wp","href":"https:\/\/api.w.org\/{rel}","templated":true}]}}