{"id":5,"date":"2016-11-24T14:14:50","date_gmt":"2016-11-24T13:14:50","guid":{"rendered":"http:\/\/womaragroserwis.pl\/?page_id=5"},"modified":"2022-01-25T13:50:34","modified_gmt":"2022-01-25T12:50:34","slug":"o-firmie","status":"publish","type":"page","link":"https:\/\/womaragroserwis.pl\/de\/o-firmie\/","title":{"rendered":"\u00dcber uns"},"content":{"rendered":"<p>Die Firma Womar Serwis ist seit 1999 auf dem Markt t\u00e4tig. Der Hauptsitz des Unternehmens befindet sich in Krakau, ul. Przykopy 5. Im Jahre 2015 erweiterte das Unternehmen seine Aktivit\u00e4ten um komplexe Dienstleistungen f\u00fcr die Landwirtschaft, sowie Gro\u00df-und Einzelhandel mit landwirtschaftlichen Erzeugnissen. Diese T\u00e4tigkeit wird in der neu gegr\u00fcndeten Niederlassung in \u0141owicz Wa\u0142ecki, Gemeinde Miros\u0142awiec, Region Westpommern gef\u00fchrt, die unterschiedshalber als Womar Agro Serwis beworben wird. Das Unternehmen verf\u00fcgt \u00fcber moderne, leistungsstarke Landmaschinen, hat eine Lager- und Anlagenbasis, ein B\u00fcro, soziale Einrichtungen und ein Au\u00dfenlager. Gegenw\u00e4rtig realisiert es professionelle Dienstleistungen f\u00fcr f\u00fcnf moderne, \u00f6kologische Farmen (Landwirtschaft und Futterpflanzen) in \u0141owicz Wa\u0142ecki (insgesamt 95 ha) und Nowa Studnica, Gemeinde Tuczno, mit einer Fl\u00e4che von rd. 150 ha. Der Hauptumfang der Arbeiten bestand in der Rekultivierung und der \u00dcberf\u00fchrung von sehr vernachl\u00e4ssigten Gebieten in die entsprechende landwirtschaftliche Kultur.<\/p>\n<p>Gegenw\u00e4rtig werden auf ca. 150 Hektar Eiwei\u00dfpflanzen (Luzerne und Klee) f\u00fcr die Herstellung von organischem Silage angebaut und auf ca. 100 Hektar wird der \u00f6kologische Anbau von Linsen betrieben. Zus\u00e4tzlich zu typischen landwirtschaftlichen Dienstleistungen, hat das Unternehmen etwa 1500 lm Entw\u00e4sserungsanlagen (Entw\u00e4sserung von Feldern, Marschland, S\u00fcmpfen), ca. 5.000 lm Waldzaungitter auf Metallkonstruktion (Einschr\u00e4nkung von Sch\u00e4den durch Tiere) ,&nbsp; Wiederherstellung der Grenzen, R\u00e4umungsarbeiten (Rodung, Tiefmulchern mit Spezialausr\u00fcstung), mechanisches R\u00e4umen der Feldern &nbsp;von Steinen, Kalken, D\u00fcngung, Aussaat und Ernte im laufenden Jahr, realisiert. Bereits im Jahr 2016 und 2017 wurde Material aus zwei Schwaden (Aufbau von Kulturpflanzen) geerntet, und im Jahr 2018 und in den Folgejahren ist eine Ernte aus 4-5 Schwaden geplant mit einer Gesamtkapazit\u00e4t von 40 bis 50 t\/ha. Die Dienstleistungen werden unter Einsatz &nbsp;modernster und leistungsf\u00e4higer Anlagen realisiert, z. B. Satz von Rasenm\u00e4hern Giga CUT 9,4 m, McHall Ballenpresse (Ballendichte von 200 bar), Aggregat zur Gr\u00fcnlandpflege, spezialisierte Anh\u00e4nger f\u00fcr den Transport von \u00f6kologischem Silage (28 Stk.), modernen Traktoren (mit GPS-Navigation) usw.<\/p>\n<p>Im Rahmen der Reservekapazit\u00e4t der Ausr\u00fcstung, bieten wir Dienstleistungen f\u00fcr die umliegenden Bauernh\u00f6fe (mindestens 10-20 ha Areal) an. Einzelheiten und angebotene Preise finden Sie im Bereich ANGEBOT. F\u00fcr alle Dienstleistungen stellen wir Mehrwertsteuerrechnungen oder Steuerbeweise aus.<\/p>\n<p>Wir sind auch an langfristigen Mietvertr\u00e4gen oder Vertr\u00e4gen f\u00fcr die Nutzung gr\u00f6\u00dferer Fl\u00e4chen (Im Umkreis &nbsp;von 20-30 km) interessiert.<\/p>\n<p>Das Unternehmen besch\u00e4ftigt sich auch mit der Vermittlung und dem Verkauf von landwirtschaftlichen Produkten. Gegenw\u00e4rtig haben wir etwa 300 Tonnen proteinreiche, organische Silage, Luzerne, Rotklee aus erster und zweiter Schwade, die meisten davon mit \u00d6ko-Zertifikat (Ballen etwa 600-700 kg\/St). Abholung mit eigenem Transport. F\u00fcr Interessierte organisieren und koordinieren wir externe Transporte (sog. Leerfahrten) dank unserer Zusammenarbeit mit mehreren inl\u00e4ndischen Speditionen. Preise und Gesch\u00e4ftsbedingungen im ANGEBOTS-Teil.<\/p>\n<p>Wir garantieren ein hohes und professionelles Niveau der Dienstleistungen und laden Sie zur Zusammenarbeit mit uns ein.<\/p>\n<p>Organische Silage, Getreide- und Ernteverkauf.<\/p>\n<p>Wojciech Trzci\u0144ski<\/p>","protected":false},"excerpt":{"rendered":"<p>Die Firma Womar Serwis ist seit 1999 auf dem Markt t\u00e4tig. Der Hauptsitz des Unternehmens befindet sich in Krakau, ul. Przykopy 5. Im Jahre 2015 erweiterte das Unternehmen seine Aktivit\u00e4ten um komplexe Dienstleistungen f\u00fcr die Landwirtschaft, sowie Gro\u00df-und Einzelhandel mit landwirtschaftlichen Erzeugnissen. Diese T\u00e4tigkeit wird in der neu gegr\u00fcndeten Niederlassung in \u0141owicz Wa\u0142ecki, Gemeinde Miros\u0142awiec,[&#8230;]<\/p>\n","protected":false},"author":1,"featured_media":0,"parent":0,"menu_order":1,"comment_status":"closed","ping_status":"closed","template":"","meta":[],"yoast_head":"<!-- This site is optimized with the Yoast SEO plugin v17.8 - https:\/\/yoast.com\/wordpress\/plugins\/seo\/ -->\n<title>O firmie - Womar Agro Serwis<\/title>\n<meta name=\"description\" content=\"Dysponujemy nowoczesnym wysokowydajnym sprz\u0119tem dzi\u0119ki czemu mo\u017cemy \u015bwiadczy\u0107 nasze us\u0142ugi na najwy\u017cszym poziomie. Dzia\u0142amy na rynku od 1999 roku.\" \/>\n<meta name=\"robots\" content=\"index, follow, max-snippet:-1, max-image-preview:large, max-video-preview:-1\" \/>\n<link rel=\"canonical\" href=\"https:\/\/womaragroserwis.pl\/o-firmie\/\" \/>\n<meta property=\"og:locale\" content=\"de_DE\" \/>\n<meta property=\"og:type\" content=\"article\" \/>\n<meta property=\"og:title\" content=\"O firmie - Womar Agro Serwis\" \/>\n<meta property=\"og:description\" content=\"Dysponujemy nowoczesnym wysokowydajnym sprz\u0119tem dzi\u0119ki czemu mo\u017cemy \u015bwiadczy\u0107 nasze us\u0142ugi na najwy\u017cszym poziomie. Dzia\u0142amy na rynku od 1999 roku.\" \/>\n<meta property=\"og:url\" content=\"https:\/\/womaragroserwis.pl\/o-firmie\/\" \/>\n<meta property=\"og:site_name\" content=\"Womar\" \/>\n<meta property=\"article:modified_time\" content=\"2022-01-25T12:50:34+00:00\" \/>\n<meta name=\"twitter:card\" content=\"summary\" \/>\n<meta name=\"twitter:label1\" content=\"Gesch\u00e4tzte Lesezeit\" \/>\n\t<meta name=\"twitter:data1\" content=\"8\u00a0Minuten\" \/>\n<script type=\"application\/ld+json\" class=\"yoast-schema-graph\">{\"@context\":\"https:\/\/schema.org\",\"@graph\":[{\"@type\":\"WebSite\",\"@id\":\"https:\/\/womaragroserwis.pl\/#website\",\"url\":\"https:\/\/womaragroserwis.pl\/\",\"name\":\"Womar\",\"description\":\"Firma Womar Serwis dzia\\u0142a na rynku od 1999 r. G\\u0142\\u00f3wna siedziba firmy to Krak\\u00f3w ul Przykopy 5. Dwa lata temu, firma rozszerzy\\u0142a dzia\\u0142alno\\u015b\\u0107 o szeroko rozumiane  Us\\u0142ugi dla Rolnictwa oraz sprzeda\\u017c hurtow\\u0105 i detaliczn\\u0105 p\\u0142od\\u00f3w rolnych. Dzia\\u0142alno\\u015b\\u0107 ta prowadzona jest w nowo utworzonej filii w \\u0141owiczu Wa\\u0142eckim, gmina Miros\\u0142awiec, woj. Zach-Pom. Dla odr\\u00f3\\u017cnienia firma reklamuje si\\u0119 jako Womar Agro Serwis. Firma dysponuje nowoczesnym ,wysokowydajnym sprz\\u0119tem rolniczym, posiada baz\\u0119 magazynowo-sprz\\u0119tow\\u0105 , biuro, zaplecze socjalne oraz magazyny zewn\\u0119trzne.\",\"potentialAction\":[{\"@type\":\"SearchAction\",\"target\":{\"@type\":\"EntryPoint\",\"urlTemplate\":\"https:\/\/womaragroserwis.pl\/?s={search_term_string}\"},\"query-input\":\"required name=search_term_string\"}],\"inLanguage\":\"de\"},{\"@type\":\"WebPage\",\"@id\":\"https:\/\/womaragroserwis.pl\/o-firmie\/#webpage\",\"url\":\"https:\/\/womaragroserwis.pl\/o-firmie\/\",\"name\":\"O firmie - Womar Agro Serwis\",\"isPartOf\":{\"@id\":\"https:\/\/womaragroserwis.pl\/#website\"},\"datePublished\":\"2016-11-24T13:14:50+00:00\",\"dateModified\":\"2022-01-25T12:50:34+00:00\",\"description\":\"Dysponujemy nowoczesnym wysokowydajnym sprz\\u0119tem dzi\\u0119ki czemu mo\\u017cemy \\u015bwiadczy\\u0107 nasze us\\u0142ugi na najwy\\u017cszym poziomie. Dzia\\u0142amy na rynku od 1999 roku.\",\"breadcrumb\":{\"@id\":\"https:\/\/womaragroserwis.pl\/o-firmie\/#breadcrumb\"},\"inLanguage\":\"de\",\"potentialAction\":[{\"@type\":\"ReadAction\",\"target\":[\"https:\/\/womaragroserwis.pl\/o-firmie\/\"]}]},{\"@type\":\"BreadcrumbList\",\"@id\":\"https:\/\/womaragroserwis.pl\/o-firmie\/#breadcrumb\",\"itemListElement\":[{\"@type\":\"ListItem\",\"position\":1,\"name\":\"Strona g\\u0142\\u00f3wna\",\"item\":\"https:\/\/womaragroserwis.pl\/\"},{\"@type\":\"ListItem\",\"position\":2,\"name\":\"O firmie\"}]}]}<\/script>\n<!-- \/ Yoast SEO plugin. -->","yoast_head_json":{"title":"O firmie - Womar Agro Serwis","description":"Dysponujemy nowoczesnym wysokowydajnym sprz\u0119tem dzi\u0119ki czemu mo\u017cemy \u015bwiadczy\u0107 nasze us\u0142ugi na najwy\u017cszym poziomie. Dzia\u0142amy na rynku od 1999 roku.","robots":{"index":"index","follow":"follow","max-snippet":"max-snippet:-1","max-image-preview":"max-image-preview:large","max-video-preview":"max-video-preview:-1"},"canonical":"https:\/\/womaragroserwis.pl\/o-firmie\/","og_locale":"de_DE","og_type":"article","og_title":"O firmie - Womar Agro Serwis","og_description":"Dysponujemy nowoczesnym wysokowydajnym sprz\u0119tem dzi\u0119ki czemu mo\u017cemy \u015bwiadczy\u0107 nasze us\u0142ugi na najwy\u017cszym poziomie. Dzia\u0142amy na rynku od 1999 roku.","og_url":"https:\/\/womaragroserwis.pl\/o-firmie\/","og_site_name":"Womar","article_modified_time":"2022-01-25T12:50:34+00:00","twitter_card":"summary","twitter_misc":{"Gesch\u00e4tzte Lesezeit":"8\u00a0Minuten"},"schema":{"@context":"https:\/\/schema.org","@graph":[{"@type":"WebSite","@id":"https:\/\/womaragroserwis.pl\/#website","url":"https:\/\/womaragroserwis.pl\/","name":"Womar","description":"Firma Womar Serwis dzia\u0142a na rynku od 1999 r. G\u0142\u00f3wna siedziba firmy to Krak\u00f3w ul Przykopy 5. Dwa lata temu, firma rozszerzy\u0142a dzia\u0142alno\u015b\u0107 o szeroko rozumiane  Us\u0142ugi dla Rolnictwa oraz sprzeda\u017c hurtow\u0105 i detaliczn\u0105 p\u0142od\u00f3w rolnych. Dzia\u0142alno\u015b\u0107 ta prowadzona jest w nowo utworzonej filii w \u0141owiczu Wa\u0142eckim, gmina Miros\u0142awiec, woj. Zach-Pom. Dla odr\u00f3\u017cnienia firma reklamuje si\u0119 jako Womar Agro Serwis. Firma dysponuje nowoczesnym ,wysokowydajnym sprz\u0119tem rolniczym, posiada baz\u0119 magazynowo-sprz\u0119tow\u0105 , biuro, zaplecze socjalne oraz magazyny zewn\u0119trzne.","potentialAction":[{"@type":"SearchAction","target":{"@type":"EntryPoint","urlTemplate":"https:\/\/womaragroserwis.pl\/?s={search_term_string}"},"query-input":"required name=search_term_string"}],"inLanguage":"de"},{"@type":"WebPage","@id":"https:\/\/womaragroserwis.pl\/o-firmie\/#webpage","url":"https:\/\/womaragroserwis.pl\/o-firmie\/","name":"O firmie - Womar Agro Serwis","isPartOf":{"@id":"https:\/\/womaragroserwis.pl\/#website"},"datePublished":"2016-11-24T13:14:50+00:00","dateModified":"2022-01-25T12:50:34+00:00","description":"Dysponujemy nowoczesnym wysokowydajnym sprz\u0119tem dzi\u0119ki czemu mo\u017cemy \u015bwiadczy\u0107 nasze us\u0142ugi na najwy\u017cszym poziomie. Dzia\u0142amy na rynku od 1999 roku.","breadcrumb":{"@id":"https:\/\/womaragroserwis.pl\/o-firmie\/#breadcrumb"},"inLanguage":"de","potentialAction":[{"@type":"ReadAction","target":["https:\/\/womaragroserwis.pl\/o-firmie\/"]}]},{"@type":"BreadcrumbList","@id":"https:\/\/womaragroserwis.pl\/o-firmie\/#breadcrumb","itemListElement":[{"@type":"ListItem","position":1,"name":"Strona g\u0142\u00f3wna","item":"https:\/\/womaragroserwis.pl\/"},{"@type":"ListItem","position":2,"name":"O firmie"}]}]}},"_links":{"self":[{"href":"https:\/\/womaragroserwis.pl\/de\/wp-json\/wp\/v2\/pages\/5"}],"collection":[{"href":"https:\/\/womaragroserwis.pl\/de\/wp-json\/wp\/v2\/pages"}],"about":[{"href":"https:\/\/womaragroserwis.pl\/de\/wp-json\/wp\/v2\/types\/page"}],"author":[{"embeddable":true,"href":"https:\/\/womaragroserwis.pl\/de\/wp-json\/wp\/v2\/users\/1"}],"replies":[{"embeddable":true,"href":"https:\/\/womaragroserwis.pl\/de\/wp-json\/wp\/v2\/comments?post=5"}],"version-history":[{"count":18,"href":"https:\/\/womaragroserwis.pl\/de\/wp-json\/wp\/v2\/pages\/5\/revisions"}],"predecessor-version":[{"id":362,"href":"https:\/\/womaragroserwis.pl\/de\/wp-json\/wp\/v2\/pages\/5\/revisions\/362"}],"wp:attachment":[{"href":"https:\/\/womaragroserwis.pl\/de\/wp-json\/wp\/v2\/media?parent=5"}],"curies":[{"name":"wp","href":"https:\/\/api.w.org\/{rel}","templated":true}]}}